{"id":26,"date":"2023-02-11T23:08:13","date_gmt":"2023-02-11T23:08:13","guid":{"rendered":"https:\/\/hormigonimpresoprecios.com\/?page_id=26"},"modified":"2023-02-28T14:03:42","modified_gmt":"2023-02-28T14:03:42","slug":"contacto","status":"publish","type":"page","link":"https:\/\/hormigonimpresoprecios.com\/index.php\/contacto\/","title":{"rendered":"Contacto"},"content":{"rendered":"<p class='wp-call-button-block-button'><a class='wp-call-button-in-btn' href='tel:+34662509096' style='' ><svg x=\"0px\" y=\"0px\" width=\"459px\" height=\"459px\" viewBox=\"0 0 459 459\">\r\n\t\t\t\t<path\r\n\t\t\t\t\td=\"M91.8,198.9c35.7,71.4,96.9,130.05,168.3,168.3L316.2,311.1c7.649-7.649,17.85-10.199,25.5-5.1c28.05,10.2,58.649,15.3,91.8,15.3c15.3,0,25.5,10.2,25.5,25.5v86.7c0,15.3-10.2,25.5-25.5,25.5C193.8,459,0,265.2,0,25.5C0,10.2,10.2,0,25.5,0h89.25c15.3,0,25.5,10.2,25.5,25.5c0,30.6,5.1,61.2,15.3,91.8c2.55,7.65,0,17.85-5.1,25.5L91.8,198.9z\"\r\n\t\t\t\t\/>\r\n\t\t\t<\/svg> Ll\u00e1manos<\/a><\/p>\n\n<div class=\"frm_forms  with_frm_style frm_style_estilos-formidable\" id=\"frm_form_2_container\" data-token=\"73dfe3ecba1152a02a0a7b20fa314d27\">\n<form enctype=\"multipart\/form-data\" method=\"post\" class=\"frm-show-form \" id=\"form_alex\" data-token=\"73dfe3ecba1152a02a0a7b20fa314d27\">\n<div class=\"frm_form_fields \">\n<fieldset>\n<legend class=\"frm_screen_reader\">Formulario de contacto<\/legend>\r\n\r\n<div class=\"frm_fields_container\">\n<input type=\"hidden\" name=\"frm_action\" value=\"create\" \/>\n<input type=\"hidden\" name=\"form_id\" value=\"2\" \/>\n<input type=\"hidden\" name=\"frm_hide_fields_2\" id=\"frm_hide_fields_2\" value=\"\" \/>\n<input type=\"hidden\" name=\"form_key\" value=\"alex\" \/>\n<input type=\"hidden\" name=\"item_meta[0]\" value=\"\" \/>\n<input type=\"hidden\" id=\"frm_submit_entry_2\" name=\"frm_submit_entry_2\" value=\"1de8847020\" \/><input type=\"hidden\" name=\"_wp_http_referer\" value=\"\/index.php\/wp-json\/wp\/v2\/pages\/26\" \/><div id=\"frm_field_6_container\" class=\"frm_form_field form-field  frm_required_field frm_top_container\">\r\n    <div  id=\"field_w5bee_label\" class=\"frm_primary_label\">Nombre\r\n        <span class=\"frm_required\" aria-hidden=\"true\">*<\/span>\r\n    <\/div>\r\n    <fieldset aria-labelledby=\"field_w5bee_label\">\n\t<legend class=\"frm_screen_reader frm_hidden\">\n\t\tNombre\t<\/legend>\n\n\t<div  class=\"frm_combo_inputs_container\" id=\"frm_combo_inputs_container_6\" data-name-layout=\"first_last\">\n\t\t\t\t\t<div\n\t\t\t\tid=\"frm_field_6-first_container\"\n\t\t\t\tclass=\"frm_form_field form-field frm_form_subfield-first  frm6\"\n\t\t\t\tdata-sub-field-name=\"first\"\n\t\t\t>\n\t\t\t\t<label for=\"field_w5bee_first\" class=\"frm_screen_reader frm_hidden\">\n\t\t\t\t\tNombre\t\t\t\t<\/label>\n\n\t\t\t\t<input  type=\"text\" id=\"field_w5bee_first\" value=\"\" name=\"item_meta[6][first]\" autocomplete=\"given-name\" data-reqmsg=\"Nombre no puede estar en blanco.\" aria-required=\"true\" data-invmsg=\"Nombre no es v\u00e1lido\" aria-invalid=\"false\"  \/><div class=\"frm_description\" id=\"frm_field_6_first_desc\">Nombre<\/div>\t\t\t<\/div>\n\t\t\t\t\t\t<div\n\t\t\t\tid=\"frm_field_6-last_container\"\n\t\t\t\tclass=\"frm_form_field form-field frm_form_subfield-last  frm6\"\n\t\t\t\tdata-sub-field-name=\"last\"\n\t\t\t>\n\t\t\t\t<label for=\"field_w5bee_last\" class=\"frm_screen_reader frm_hidden\">\n\t\t\t\t\tApellidos\t\t\t\t<\/label>\n\n\t\t\t\t<input  type=\"text\" id=\"field_w5bee_last\" value=\"\" name=\"item_meta[6][last]\" autocomplete=\"family-name\" data-reqmsg=\"Nombre no puede estar en blanco.\" aria-required=\"true\" data-invmsg=\"Nombre no es v\u00e1lido\" aria-invalid=\"false\"  \/><div class=\"frm_description\" id=\"frm_field_6_last_desc\">Apellidos<\/div>\t\t\t<\/div>\n\t\t\t\t<\/div>\n<\/fieldset>\n\r\n    \r\n    \r\n<\/div>\n<div id=\"frm_field_7_container\" class=\"frm_form_field form-field  frm_required_field frm_top_container\">\r\n    <label for=\"field_c1x8l\" id=\"field_c1x8l_label\" class=\"frm_primary_label\">Correo electr\u00f3nico\r\n        <span class=\"frm_required\" aria-hidden=\"true\">*<\/span>\r\n    <\/label>\r\n    <input type=\"email\" id=\"field_c1x8l\" name=\"item_meta[7]\" value=\"\"  data-reqmsg=\"Correo electr\u00f3nico no puede estar en blanco.\" aria-required=\"true\" data-invmsg=\"Correo electr\u00f3nico no es v\u00e1lido\" aria-invalid=\"false\"  \/>\r\n    \r\n    \r\n<\/div>\n<div id=\"frm_field_8_container\" class=\"frm_form_field form-field  frm_required_field frm_top_container\">\r\n    <label for=\"field_3w0if\" id=\"field_3w0if_label\" class=\"frm_primary_label\">Tel\u00e9fono\r\n        <span class=\"frm_required\" aria-hidden=\"true\">*<\/span>\r\n    <\/label>\r\n    <input type=\"tel\" id=\"field_3w0if\" name=\"item_meta[8]\" value=\"\"  data-reqmsg=\"Tel\u00e9fono no puede estar en blanco.\" aria-required=\"true\" data-invmsg=\"Tel\u00e9fono no es v\u00e1lido\" aria-invalid=\"false\" pattern=\"((\\+\\d{1,3}(-|.| )?\\(?\\d\\)?(-| |.)?\\d{1,5})|(\\(?\\d{2,6}\\)?))(-|.| )?(\\d{3,4})(-|.| )?(\\d{4})(( x| ext)\\d{1,5}){0,1}$\"  \/>\r\n    \r\n    \r\n<\/div>\n<div id=\"frm_field_10_container\" class=\"frm_form_field form-field  frm_required_field frm_top_container\">\r\n    <label for=\"field_160zh\" id=\"field_160zh_label\" class=\"frm_primary_label\">Localidad\r\n        <span class=\"frm_required\" aria-hidden=\"true\">*<\/span>\r\n    <\/label>\r\n    <input type=\"text\" id=\"field_160zh\" name=\"item_meta[10]\" value=\"\"  data-reqmsg=\"Localidad no puede estar en blanco.\" aria-required=\"true\" data-invmsg=\"Texto no es v\u00e1lido\" aria-invalid=\"false\"  \/>\r\n    \r\n    \r\n<\/div>\n<div id=\"frm_field_11_container\" class=\"frm_form_field form-field  frm_required_field frm_top_container\">\r\n    <label for=\"field_wh1mp\" id=\"field_wh1mp_label\" class=\"frm_primary_label\">Mensaje\r\n        <span class=\"frm_required\" aria-hidden=\"true\">*<\/span>\r\n    <\/label>\r\n    <textarea name=\"item_meta[11]\" id=\"field_wh1mp\" rows=\"5\"  data-reqmsg=\"Mensaje no puede estar en blanco.\" aria-required=\"true\" data-invmsg=\"Mensaje no es v\u00e1lido\" aria-invalid=\"false\"  ><\/textarea>\r\n    \r\n    \r\n<\/div>\n<div id=\"frm_field_13_container\" class=\"frm_form_field form-field \">\n\t<div class=\"frm_submit\">\r\n\r\n<button class=\"frm_button_submit\" type=\"submit\"  >Enviar<\/button>\r\n\r\n\r\n<\/div>\n<\/div>\n\t<input type=\"hidden\" name=\"item_key\" value=\"\" \/>\n\t\t\t<div id=\"frm_field_14_container\">\n\t\t\t<label for=\"field_n93ne\" >\n\t\t\t\tSi eres humano, deja este campo en blanco.\t\t\t<\/label>\n\t\t\t<input  id=\"field_n93ne\" type=\"text\" class=\"frm_form_field form-field frm_verify\" name=\"item_meta[14]\" value=\"\"  \/>\n\t\t<\/div>\n\t\t<input name=\"frm_state\" type=\"hidden\" value=\"0B0PeQ5zTWnYJcrRQ1AYhYY\/OwnLV8CCw7uSea1pgQc=\" \/><\/div>\n<\/fieldset>\n<\/div>\n\n<p style=\"display: none !important;\" class=\"akismet-fields-container\" data-prefix=\"ak_\"><label>&#916;<textarea name=\"ak_hp_textarea\" cols=\"45\" rows=\"8\" maxlength=\"100\"><\/textarea><\/label><input type=\"hidden\" id=\"ak_js_1\" name=\"ak_js\" value=\"98\"\/><script>document.getElementById( \"ak_js_1\" ).setAttribute( \"value\", ( new Date() ).getTime() );<\/script><\/p><\/form>\n<\/div>\n","protected":false},"excerpt":{"rendered":"","protected":false},"author":1,"featured_media":0,"parent":0,"menu_order":0,"comment_status":"closed","ping_status":"closed","template":"","meta":{"_uag_custom_page_level_css":"","footnotes":""},"class_list":["post-26","page","type-page","status-publish"],"yoast_head":"<!-- This site is optimized with the Yoast SEO plugin v27.2 - https:\/\/yoast.com\/product\/yoast-seo-wordpress\/ -->\n<title>Contacto - hormigonimpresoprecios.com<\/title>\n<meta name=\"description\" content=\"Pagina de contacto para el formulario de hormig\u00f3n impreso y pulido. Inf\u00f3rmate sin compromiso al tel\u00e9fono 662509096.\" \/>\n<meta name=\"robots\" content=\"index, follow, max-snippet:-1, max-image-preview:large, max-video-preview:-1\" \/>\n<link rel=\"canonical\" href=\"https:\/\/hormigonimpresoprecios.com\/index.php\/contacto\/\" \/>\n<meta property=\"og:locale\" content=\"es_ES\" \/>\n<meta property=\"og:type\" content=\"article\" \/>\n<meta property=\"og:title\" content=\"Contacto - hormigonimpresoprecios.com\" \/>\n<meta property=\"og:description\" content=\"Pagina de contacto para el formulario de hormig\u00f3n impreso y pulido. Inf\u00f3rmate sin compromiso al tel\u00e9fono 662509096.\" \/>\n<meta property=\"og:url\" content=\"https:\/\/hormigonimpresoprecios.com\/index.php\/contacto\/\" \/>\n<meta property=\"og:site_name\" content=\"hormigonimpresoprecios.com\" \/>\n<meta property=\"article:modified_time\" content=\"2023-02-28T14:03:42+00:00\" \/>\n<meta name=\"twitter:card\" content=\"summary_large_image\" \/>\n<meta name=\"twitter:label1\" content=\"Tiempo de lectura\" \/>\n\t<meta name=\"twitter:data1\" content=\"1 minuto\" \/>\n<script type=\"application\/ld+json\" class=\"yoast-schema-graph\">{\"@context\":\"https:\/\/schema.org\",\"@graph\":[{\"@type\":\"WebPage\",\"@id\":\"https:\/\/hormigonimpresoprecios.com\/index.php\/contacto\/\",\"url\":\"https:\/\/hormigonimpresoprecios.com\/index.php\/contacto\/\",\"name\":\"Contacto - hormigonimpresoprecios.com\",\"isPartOf\":{\"@id\":\"https:\/\/hormigonimpresoprecios.com\/#website\"},\"datePublished\":\"2023-02-11T23:08:13+00:00\",\"dateModified\":\"2023-02-28T14:03:42+00:00\",\"description\":\"Pagina de contacto para el formulario de hormig\u00f3n impreso y pulido. Inf\u00f3rmate sin compromiso al tel\u00e9fono 662509096.\",\"breadcrumb\":{\"@id\":\"https:\/\/hormigonimpresoprecios.com\/index.php\/contacto\/#breadcrumb\"},\"inLanguage\":\"es\",\"potentialAction\":[{\"@type\":\"ReadAction\",\"target\":[\"https:\/\/hormigonimpresoprecios.com\/index.php\/contacto\/\"]}]},{\"@type\":\"BreadcrumbList\",\"@id\":\"https:\/\/hormigonimpresoprecios.com\/index.php\/contacto\/#breadcrumb\",\"itemListElement\":[{\"@type\":\"ListItem\",\"position\":1,\"name\":\"Portada\",\"item\":\"https:\/\/hormigonimpresoprecios.com\/\"},{\"@type\":\"ListItem\",\"position\":2,\"name\":\"Contacto\"}]},{\"@type\":\"WebSite\",\"@id\":\"https:\/\/hormigonimpresoprecios.com\/#website\",\"url\":\"https:\/\/hormigonimpresoprecios.com\/\",\"name\":\"hormigonimpresoprecios.com\",\"description\":\"Hormig\u00f3n impreso precio\",\"publisher\":{\"@id\":\"https:\/\/hormigonimpresoprecios.com\/#organization\"},\"potentialAction\":[{\"@type\":\"SearchAction\",\"target\":{\"@type\":\"EntryPoint\",\"urlTemplate\":\"https:\/\/hormigonimpresoprecios.com\/?s={search_term_string}\"},\"query-input\":{\"@type\":\"PropertyValueSpecification\",\"valueRequired\":true,\"valueName\":\"search_term_string\"}}],\"inLanguage\":\"es\"},{\"@type\":\"Organization\",\"@id\":\"https:\/\/hormigonimpresoprecios.com\/#organization\",\"name\":\"hormigonimpresoprecios.com\",\"url\":\"https:\/\/hormigonimpresoprecios.com\/\",\"logo\":{\"@type\":\"ImageObject\",\"inLanguage\":\"es\",\"@id\":\"https:\/\/hormigonimpresoprecios.com\/#\/schema\/logo\/image\/\",\"url\":\"https:\/\/hormigonimpresoprecios.com\/wp-content\/uploads\/2025\/02\/cropped-LOGO.jpeg\",\"contentUrl\":\"https:\/\/hormigonimpresoprecios.com\/wp-content\/uploads\/2025\/02\/cropped-LOGO.jpeg\",\"width\":500,\"height\":260,\"caption\":\"hormigonimpresoprecios.com\"},\"image\":{\"@id\":\"https:\/\/hormigonimpresoprecios.com\/#\/schema\/logo\/image\/\"}}]}<\/script>\n<!-- \/ Yoast SEO plugin. -->","yoast_head_json":{"title":"Contacto - hormigonimpresoprecios.com","description":"Pagina de contacto para el formulario de hormig\u00f3n impreso y pulido. Inf\u00f3rmate sin compromiso al tel\u00e9fono 662509096.","robots":{"index":"index","follow":"follow","max-snippet":"max-snippet:-1","max-image-preview":"max-image-preview:large","max-video-preview":"max-video-preview:-1"},"canonical":"https:\/\/hormigonimpresoprecios.com\/index.php\/contacto\/","og_locale":"es_ES","og_type":"article","og_title":"Contacto - hormigonimpresoprecios.com","og_description":"Pagina de contacto para el formulario de hormig\u00f3n impreso y pulido. Inf\u00f3rmate sin compromiso al tel\u00e9fono 662509096.","og_url":"https:\/\/hormigonimpresoprecios.com\/index.php\/contacto\/","og_site_name":"hormigonimpresoprecios.com","article_modified_time":"2023-02-28T14:03:42+00:00","twitter_card":"summary_large_image","twitter_misc":{"Tiempo de lectura":"1 minuto"},"schema":{"@context":"https:\/\/schema.org","@graph":[{"@type":"WebPage","@id":"https:\/\/hormigonimpresoprecios.com\/index.php\/contacto\/","url":"https:\/\/hormigonimpresoprecios.com\/index.php\/contacto\/","name":"Contacto - hormigonimpresoprecios.com","isPartOf":{"@id":"https:\/\/hormigonimpresoprecios.com\/#website"},"datePublished":"2023-02-11T23:08:13+00:00","dateModified":"2023-02-28T14:03:42+00:00","description":"Pagina de contacto para el formulario de hormig\u00f3n impreso y pulido. Inf\u00f3rmate sin compromiso al tel\u00e9fono 662509096.","breadcrumb":{"@id":"https:\/\/hormigonimpresoprecios.com\/index.php\/contacto\/#breadcrumb"},"inLanguage":"es","potentialAction":[{"@type":"ReadAction","target":["https:\/\/hormigonimpresoprecios.com\/index.php\/contacto\/"]}]},{"@type":"BreadcrumbList","@id":"https:\/\/hormigonimpresoprecios.com\/index.php\/contacto\/#breadcrumb","itemListElement":[{"@type":"ListItem","position":1,"name":"Portada","item":"https:\/\/hormigonimpresoprecios.com\/"},{"@type":"ListItem","position":2,"name":"Contacto"}]},{"@type":"WebSite","@id":"https:\/\/hormigonimpresoprecios.com\/#website","url":"https:\/\/hormigonimpresoprecios.com\/","name":"hormigonimpresoprecios.com","description":"Hormig\u00f3n impreso precio","publisher":{"@id":"https:\/\/hormigonimpresoprecios.com\/#organization"},"potentialAction":[{"@type":"SearchAction","target":{"@type":"EntryPoint","urlTemplate":"https:\/\/hormigonimpresoprecios.com\/?s={search_term_string}"},"query-input":{"@type":"PropertyValueSpecification","valueRequired":true,"valueName":"search_term_string"}}],"inLanguage":"es"},{"@type":"Organization","@id":"https:\/\/hormigonimpresoprecios.com\/#organization","name":"hormigonimpresoprecios.com","url":"https:\/\/hormigonimpresoprecios.com\/","logo":{"@type":"ImageObject","inLanguage":"es","@id":"https:\/\/hormigonimpresoprecios.com\/#\/schema\/logo\/image\/","url":"https:\/\/hormigonimpresoprecios.com\/wp-content\/uploads\/2025\/02\/cropped-LOGO.jpeg","contentUrl":"https:\/\/hormigonimpresoprecios.com\/wp-content\/uploads\/2025\/02\/cropped-LOGO.jpeg","width":500,"height":260,"caption":"hormigonimpresoprecios.com"},"image":{"@id":"https:\/\/hormigonimpresoprecios.com\/#\/schema\/logo\/image\/"}}]}},"uagb_featured_image_src":{"full":false,"thumbnail":false,"medium":false,"medium_large":false,"large":false,"1536x1536":false,"2048x2048":false},"uagb_author_info":{"display_name":"infopavalex@gmail.com","author_link":"https:\/\/hormigonimpresoprecios.com\/index.php\/author\/infopavalexgmail-com\/"},"uagb_comment_info":0,"uagb_excerpt":null,"_links":{"self":[{"href":"https:\/\/hormigonimpresoprecios.com\/index.php\/wp-json\/wp\/v2\/pages\/26","targetHints":{"allow":["GET"]}}],"collection":[{"href":"https:\/\/hormigonimpresoprecios.com\/index.php\/wp-json\/wp\/v2\/pages"}],"about":[{"href":"https:\/\/hormigonimpresoprecios.com\/index.php\/wp-json\/wp\/v2\/types\/page"}],"author":[{"embeddable":true,"href":"https:\/\/hormigonimpresoprecios.com\/index.php\/wp-json\/wp\/v2\/users\/1"}],"replies":[{"embeddable":true,"href":"https:\/\/hormigonimpresoprecios.com\/index.php\/wp-json\/wp\/v2\/comments?post=26"}],"version-history":[{"count":0,"href":"https:\/\/hormigonimpresoprecios.com\/index.php\/wp-json\/wp\/v2\/pages\/26\/revisions"}],"wp:attachment":[{"href":"https:\/\/hormigonimpresoprecios.com\/index.php\/wp-json\/wp\/v2\/media?parent=26"}],"curies":[{"name":"wp","href":"https:\/\/api.w.org\/{rel}","templated":true}]}}